{"id":285,"date":"2024-01-07T12:11:03","date_gmt":"2024-01-07T15:11:03","guid":{"rendered":"https:\/\/srtunemusic.com\/?post_type=product&#038;p=285"},"modified":"2025-02-13T00:23:24","modified_gmt":"2025-02-13T03:23:24","slug":"camisetatheprotector","status":"publish","type":"product","link":"https:\/\/srtunemusic.com\/index.php\/product\/camisetatheprotector\/","title":{"rendered":"Camiseta | The Protector |"},"content":{"rendered":"<p>Camiseta The Protector (OFICIAL) + Brinde especial<\/p>\n<p>Material: 100% Algod\u00e3o | Fio penteado<br \/>\nCor: Laranja (Tangelo)<br \/>\nCores da estampa : Preto &amp; Branco<\/p>\n<p>Nossas camisetas s\u00e3o fabricadas em 100% algod\u00e3o com fio penteado, o que oferece ao algod\u00e3o mais maciez e resist\u00eancia.<br \/>\nNossas estampas s\u00e3o impressas pelo processo da serigrafia (silk screen).<br \/>\nTodo o processo \u00e9 manual e mant\u00e9m um alto n\u00edvel de qualidade.<br \/>\nAs cores podem sofrer varia\u00e7\u00e3o de acordo com a configura\u00e7\u00e3o de sua tela.<\/p>\n<p>&nbsp;<\/p>\n","protected":false},"excerpt":{"rendered":"<p>Camiseta The Protector (OFICIAL) + Brinde especial<\/p>\n<p>Material: 100% Algod\u00e3o | Fio penteado<br \/>\nCor: Laranja (Tangelo)<br \/>\nCores da estampa : Preto &amp; Branco<\/p>\n<p>&nbsp;<\/p>\n","protected":false},"featured_media":286,"template":"","meta":{"_monsterinsights_skip_tracking":false,"_monsterinsights_sitenote_active":false,"_monsterinsights_sitenote_note":"","_monsterinsights_sitenote_category":0,"site-sidebar-layout":"default","site-content-layout":"","ast-site-content-layout":"default","site-content-style":"default","site-sidebar-style":"default","ast-global-header-display":"","ast-banner-title-visibility":"","ast-main-header-display":"","ast-hfb-above-header-display":"","ast-hfb-below-header-display":"","ast-hfb-mobile-header-display":"","site-post-title":"","ast-breadcrumbs-content":"","ast-featured-img":"","footer-sml-layout":"","theme-transparent-header-meta":"default","adv-header-id-meta":"","stick-header-meta":"","header-above-stick-meta":"","header-main-stick-meta":"","header-below-stick-meta":"","astra-migrate-meta-layouts":"set","ast-page-background-enabled":"default","ast-page-background-meta":{"desktop":{"background-color":"var(--ast-global-color-4)","background-image":"","background-repeat":"repeat","background-position":"center center","background-size":"auto","background-attachment":"scroll","background-type":"","background-media":"","overlay-type":"","overlay-color":"","overlay-opacity":"","overlay-gradient":""},"tablet":{"background-color":"","background-image":"","background-repeat":"repeat","background-position":"center center","background-size":"auto","background-attachment":"scroll","background-type":"","background-media":"","overlay-type":"","overlay-color":"","overlay-opacity":"","overlay-gradient":""},"mobile":{"background-color":"","background-image":"","background-repeat":"repeat","background-position":"center center","background-size":"auto","background-attachment":"scroll","background-type":"","background-media":"","overlay-type":"","overlay-color":"","overlay-opacity":"","overlay-gradient":""}},"ast-content-background-meta":{"desktop":{"background-color":"var(--ast-global-color-5)","background-image":"","background-repeat":"repeat","background-position":"center center","background-size":"auto","background-attachment":"scroll","background-type":"","background-media":"","overlay-type":"","overlay-color":"","overlay-opacity":"","overlay-gradient":""},"tablet":{"background-color":"var(--ast-global-color-5)","background-image":"","background-repeat":"repeat","background-position":"center center","background-size":"auto","background-attachment":"scroll","background-type":"","background-media":"","overlay-type":"","overlay-color":"","overlay-opacity":"","overlay-gradient":""},"mobile":{"background-color":"var(--ast-global-color-5)","background-image":"","background-repeat":"repeat","background-position":"center center","background-size":"auto","background-attachment":"scroll","background-type":"","background-media":"","overlay-type":"","overlay-color":"","overlay-opacity":"","overlay-gradient":""}}},"product_cat":[21],"product_tag":[23,22],"jetpack_sharing_enabled":true,"_links":{"self":[{"href":"https:\/\/srtunemusic.com\/index.php\/wp-json\/wp\/v2\/product\/285"}],"collection":[{"href":"https:\/\/srtunemusic.com\/index.php\/wp-json\/wp\/v2\/product"}],"about":[{"href":"https:\/\/srtunemusic.com\/index.php\/wp-json\/wp\/v2\/types\/product"}],"wp:featuredmedia":[{"embeddable":true,"href":"https:\/\/srtunemusic.com\/index.php\/wp-json\/wp\/v2\/media\/286"}],"wp:attachment":[{"href":"https:\/\/srtunemusic.com\/index.php\/wp-json\/wp\/v2\/media?parent=285"}],"wp:term":[{"taxonomy":"product_cat","embeddable":true,"href":"https:\/\/srtunemusic.com\/index.php\/wp-json\/wp\/v2\/product_cat?post=285"},{"taxonomy":"product_tag","embeddable":true,"href":"https:\/\/srtunemusic.com\/index.php\/wp-json\/wp\/v2\/product_tag?post=285"}],"curies":[{"name":"wp","href":"https:\/\/api.w.org\/{rel}","templated":true}]}}